{"id":1512,"date":"2024-02-07T15:49:19","date_gmt":"2024-02-07T14:49:19","guid":{"rendered":"https:\/\/echographie-lorient.fr\/?page_id=1512"},"modified":"2025-09-10T09:06:51","modified_gmt":"2025-09-10T07:06:51","slug":"echodoppler","status":"publish","type":"page","link":"https:\/\/echographie-lorient.fr\/index.php\/echodoppler\/","title":{"rendered":"\u00c9chodoppler"},"content":{"rendered":"\n<div id=\"section-gd8bbf4\" class=\"wp-block-gutentor-e1 section-gd8bbf4 gutentor-element gutentor-element-advanced-text\"><div class=\"gutentor-text-wrap\"><p class=\"gutentor-text\">Dans le cas d\u2019une suspicion de maladie art\u00e9rielle ou veineuse, un \u00e9chodoppler peut \u00eatre prescrit par votre m\u00e9decin.<br><br><\/p><\/div><\/div>\n\n\n\n<div id=\"section-gb9dd55\" class=\"wp-block-gutentor-e1 section-gb9dd55 gutentor-element gutentor-element-advanced-text\"><div class=\"gutentor-text-wrap\"><p class=\"gutentor-text\"><strong>Qu\u2019est-ce qu\u2019un \u00e9chodoppler ?<\/strong><br><\/p><\/div><\/div>\n\n\n\n<div id=\"section-g18ff59\" class=\"wp-block-gutentor-e1 section-g18ff59 gutentor-element gutentor-element-advanced-text\"><div class=\"gutentor-text-wrap\"><p class=\"gutentor-text\"><br>L\u2019\u00e9chographie doppler est un examen tr\u00e8s pr\u00e9cis qui permet d\u2019\u00e9tudier \u00e0 la fois l\u2019<strong>anatomie et des l\u00e9sions sur les parois vasculaires<\/strong>, c\u2019est \u00e0 dire des <strong>art\u00e8res<\/strong> et <strong>veines<\/strong> (plaques, plus ou moins calcifi\u00e9es, dissections, h\u00e9matomes, an\u00e9vrysmes, r\u00e9tr\u00e9cissements, variantes anatomiques), ainsi que <strong>le flux du sang <\/strong>(modifications h\u00e9modynamiques, vitesses, d\u00e9bit, turbulences, sens). Ceci, dans le but de d\u00e9tecter une potentielle anomalie comme une art\u00e9riopathie ou \u201cart\u00e9rite\u201d (art\u00e8re bouch\u00e9e ou r\u00e9tr\u00e9cie), une insuffisance veineuse ou une phl\u00e9bite (thrombose veineuse, c&rsquo;est-\u00e0-dire veine bouch\u00e9e par un caillot).&nbsp;<br><br>L\u2019\u00e9chodoppler est un examen indolore, non invasif et sans danger pour la sant\u00e9.<br><\/p><\/div><\/div>\n\n\n\n<p><\/p>\n\n\n\n<div id=\"section-g983547\" class=\"wp-block-gutentor-e6 section-g983547 gutentor-element gutentor-element-image\"><div class=\"gutentor-element-image-box\"><div class=\"gutentor-image-thumb\"><img decoding=\"async\" class=\"normal-image\" src=\"https:\/\/echographie-lorient.fr\/wp-content\/uploads\/2024\/02\/echodoppler-examen-du-cou.png\" \/><\/div><\/div><\/div>\n\n\n\n<p><\/p>\n\n\n\n<p><\/p>\n\n\n\n<div id=\"section-g2f8ac9\" class=\"wp-block-gutentor-e1 section-g2f8ac9 gutentor-element gutentor-element-advanced-text\"><div class=\"gutentor-text-wrap\"><p class=\"gutentor-text\"><strong>Pourquoi faire un \u00e9chodoppler ?<\/strong><br><\/p><\/div><\/div>\n\n\n\n<div id=\"section-gcc200f\" class=\"wp-block-gutentor-e1 section-gcc200f gutentor-element gutentor-element-advanced-text\"><div class=\"gutentor-text-wrap\"><p class=\"gutentor-text\"><br>Un examen par \u00e9cho-doppler est g\u00e9n\u00e9ralement effectu\u00e9 pour les cas suivants :<br><br><\/p><\/div><\/div>\n\n\n\n<div id=\"section-g982d7a\" class=\"wp-block-gutentor-e1 section-g982d7a gutentor-element gutentor-element-advanced-text\"><div class=\"gutentor-text-wrap\"><p class=\"gutentor-text\">&#8211; D\u00e9tecter une \u201cart\u00e9riopathie\u201d&nbsp; : art\u00e8res encrass\u00e9es par des d\u00e9p\u00f4ts qui peuvent parfois r\u00e9tr\u00e9cir le vaisseau ou le boucher, on parle alors de st\u00e9nose ou d\u2019occlusion art\u00e9rielle. Certaines situations sont plus \u00e0 risque de fabriquer ces d\u00e9p\u00f4ts sur les parois art\u00e9rielles : diab\u00e8te, hypertension art\u00e9rielle, tabagisme, dyslipid\u00e9mie (\u201ccholest\u00e9rol\u201d), surpoids, mais aussi l\u2019h\u00e9r\u00e9dit\u00e9 (avoir une personne de sa famille qui a ce type de probl\u00e8me jeune).<br><br>L\u2019int\u00e9r\u00eat de d\u00e9pister cette pathologie est de la traiter avant que des complications potentiellement graves ne surviennent : <br><br>&#8211; infarctus, AVC, art\u00e9riopathie symptomatique (douleur des jambes \u00e0 la marche voire au repos).<br><br>&#8211; d\u00e9pister un an\u00e9vrisme de l\u2019aorte dans le cas d\u2019ant\u00e9c\u00e9dents familiaux.<br><br>&#8211; d\u00e9tecter une thrombose veineuse profonde ou phl\u00e9bite (veine bouch\u00e9e par un caillot), dont le risque si non trait\u00e9e est l\u2019embolie pulmonaire.<br><br>&#8211; d\u00e9tecter une insuffisance veineuse (des varices).<br><br>&#8211; rechercher la cause d\u2019\u0153d\u00e8mes des membres inf\u00e9rieurs (jambes ou chevilles gonfl\u00e9es) ou sup\u00e9rieurs<br><br>&#8211; plaies ou ulc\u00e8res des orteils ou des jambes.<br><br>&#8211; troubles vasomoteurs (extr\u00e9mit\u00e9s froides ou chaudes, changements de couleurs)<br><br>&#8211; En pr\u00e9vision d\u2019une intervention chirurgicale ou endovasculaire sur une art\u00e8re ou veine&nbsp;<br><br>&#8211; contr\u00f4le suite \u00e0 une intervention chirurgicale ou endovasculaire.<br><br><\/p><\/div><\/div>\n\n\n\n<section id=\"gmc2aafb5\" class=\"wp-block-gutentor-m0 section-gmc2aafb5 gutentor-module gutentor-module-carousel\"><div class=\"grid-container\"><div class=\"gutentor-module-carousel-row\" data-dots=\"false\" data-dotstablet=\"true\" data-dotsmobile=\"true\" data-arrows=\"false\" data-arrowstablet=\"false\" data-arrowsmobile=\"false\" data-infinite=\"false\" data-autoplay=\"true\" data-draggable=\"true\" data-pauseonfocus=\"true\" data-pauseonhover=\"true\" data-autoplayspeed=\"2000\" data-cmondesktop=\"false\" data-cmontablet=\"false\" data-cmonmobile=\"false\" data-nextarrow=\"fas fa-angle-right\" data-prevarrow=\"fas fa-angle-left\" data-arrowspositiondesktop=\"gutentor-slick-a-default-desktop\" data-arrowspositiontablet=\"gutentor-slick-a-default-tablet\" data-arrowspositionmobile=\"gutentor-slick-a-default-mobile\" data-speed=\"2500\" data-slideitemdesktop=\"3\" data-slideitemtablet=\"3\" data-slideitemmobile=\"1\" data-slidescroll-desktop=\"1\" data-slidescroll-tablet=\"1\" data-slidescroll-mobile=\"1\">\n<div id=\"col-gm414e8a\" class=\"wp-block-gutentor-m0-col col-gm414e8a gutentor-carousel-item\"><div id=\"section-gm414e8a\" class=\"section-gm414e8a gutentor-col-wrap\">\n<div id=\"section-g161944\" class=\"wp-block-gutentor-e6 section-g161944 gutentor-element gutentor-element-image\"><div class=\"gutentor-element-image-box\"><div class=\"gutentor-image-thumb\"><img decoding=\"async\" class=\"normal-image\" src=\"https:\/\/echographie-lorient.fr\/wp-content\/uploads\/2024\/02\/echodoppler-de-stent.png\" \/><\/div><\/div><\/div>\n\n\n\n<p><\/p>\n\n\n\n<div id=\"section-g47bca4\" class=\"wp-block-gutentor-e6 section-g47bca4 gutentor-element gutentor-element-image\"><div class=\"gutentor-element-image-box\"><div class=\"gutentor-image-thumb\"><img decoding=\"async\" class=\"normal-image\" src=\"https:\/\/echographie-lorient.fr\/wp-content\/uploads\/2024\/02\/echodoppler-arteriel-stent-2.png\" \/><\/div><\/div><\/div>\n<\/div><\/div>\n\n\n\n<div id=\"col-gmc0bcc2\" class=\"wp-block-gutentor-m0-col col-gmc0bcc2 gutentor-carousel-item\"><div id=\"section-gmc0bcc2\" class=\"section-gmc0bcc2 gutentor-col-wrap\">\n<div id=\"section-gaecd6b\" class=\"wp-block-gutentor-e6 section-gaecd6b gutentor-element gutentor-element-image\"><div class=\"gutentor-element-image-box\"><div class=\"gutentor-image-thumb\"><img decoding=\"async\" class=\"normal-image\" src=\"https:\/\/echographie-lorient.fr\/wp-content\/uploads\/2024\/02\/echodoppler-arteriel-stent.png\" \/><\/div><\/div><\/div>\n\n\n\n<p><\/p>\n\n\n\n<div id=\"section-g4cebd5\" class=\"wp-block-gutentor-e6 section-g4cebd5 gutentor-element gutentor-element-image\"><div class=\"gutentor-element-image-box\"><div class=\"gutentor-image-thumb\"><img decoding=\"async\" class=\"normal-image\" src=\"https:\/\/echographie-lorient.fr\/wp-content\/uploads\/2024\/02\/echodoppler-des-arteres-renales.png\" \/><\/div><\/div><\/div>\n<\/div><\/div>\n\n\n\n<div id=\"col-gme04c33\" class=\"wp-block-gutentor-m0-col col-gme04c33 gutentor-carousel-item\"><div id=\"section-gme04c33\" class=\"section-gme04c33 gutentor-col-wrap\">\n<div id=\"section-g036371\" class=\"wp-block-gutentor-e6 section-g036371 gutentor-element gutentor-element-image\"><div class=\"gutentor-element-image-box\"><div class=\"gutentor-image-thumb\"><img decoding=\"async\" class=\"normal-image\" src=\"https:\/\/echographie-lorient.fr\/wp-content\/uploads\/2024\/02\/echodoppler-stent.png\" \/><\/div><\/div><\/div>\n\n\n\n<p><\/p>\n\n\n\n<div id=\"section-gb9e500\" class=\"wp-block-gutentor-e6 section-gb9e500 gutentor-element gutentor-element-image\"><div class=\"gutentor-element-image-box\"><div class=\"gutentor-image-thumb\"><img decoding=\"async\" class=\"normal-image\" src=\"https:\/\/echographie-lorient.fr\/wp-content\/uploads\/2024\/02\/echodopppler-arteriel_.png\" \/><\/div><\/div><\/div>\n<\/div><\/div>\n<\/div><\/div><\/section>\n\n\n\n<p><\/p>\n\n\n\n<p><\/p>\n\n\n\n<div id=\"section-g84eb26\" class=\"wp-block-gutentor-e1 section-g84eb26 gutentor-element gutentor-element-advanced-text\"><div class=\"gutentor-text-wrap\"><p class=\"gutentor-text\"><strong>D\u00e9roulement de l&rsquo;examen :<\/strong><br><\/p><\/div><\/div>\n\n\n\n<div id=\"section-gacde0a\" class=\"wp-block-gutentor-e1 section-gacde0a gutentor-element gutentor-element-advanced-text\"><div class=\"gutentor-text-wrap\"><p class=\"gutentor-text\"><br>Vous \u00eates allong\u00e9(e) sur le dos.&nbsp;<br><br>Un gel est appliqu\u00e9 sur la zone \u00e0 examiner (membres inf\u00e9rieurs ou sup\u00e9rieurs), puis le m\u00e9decin d\u00e9place la sonde le long de la veine ou de l\u2019art\u00e8re cibl\u00e9e \u00e0 travers la peau et r\u00e9alise de nombreuses mesures \u00e0 la fois morphologiques (\u00e9paisseur de plaques,&nbsp; r\u00e9tr\u00e9cissement de vaisseaux en diam\u00e8tre \u2026) et h\u00e9modynamiques (caract\u00e9ristiques de la circulation, vitesses, d\u00e9bit, amortissement des flux \u2026).&nbsp;<br><br>Dans le cas d\u2019un bilan d\u2019insuffisance veineuse (recherche de \u201cvarices\u201d), le m\u00e9decin vous demandera en fin d\u2019examen de rester debout quelques minutes sur un escabeau de phl\u00e9bologie (haut de 2 marches) pour tester votre r\u00e9seau veineux de fa\u00e7on optimale.<br><br>Dans certains cas (recherche de d\u00e9fil\u00e9 thoraco-brachial ou d\u2019art\u00e8re poplit\u00e9e pi\u00e9g\u00e9e), le m\u00e9decin vous demandera de r\u00e9aliser des mouvements en cours d\u2019examen, on parle de man\u0153uvres dynamiques.<br><br>Les images g\u00e9n\u00e9r\u00e9es sont analys\u00e9es, un compte-rendu oral est ensuite r\u00e9alis\u00e9 par le Dr. Laporte-Gladu pour vous donner ses conclusions et r\u00e9pondre \u00e0 vos questions.&nbsp;<br><br>Enfin, vos clich\u00e9s d\u2019examen vous sont remis via l&rsquo;application <em>Medifile<\/em>. Ces r\u00e9sultats sont \u00e9galement adress\u00e9s au m\u00e9decin prescripteur ou \u00e0 votre m\u00e9decin traitant.<br><\/p><\/div><\/div>\n\n\n\n<div id=\"section-ga80f29\" class=\"wp-block-gutentor-e1 section-ga80f29 gutentor-element gutentor-element-advanced-text\"><div class=\"gutentor-text-wrap\"><p class=\"gutentor-text\"><br><strong>Dur\u00e9e de l\u2019examen : entre 20 et 40 minutes selon la zone \u00e9tudi\u00e9e.<\/strong><br><\/p><\/div><\/div>\n\n\n\n<div id=\"section-gfb9b57\" class=\"wp-block-gutentor-e1 section-gfb9b57 gutentor-element gutentor-element-advanced-text\"><div class=\"gutentor-text-wrap\"><p class=\"gutentor-text\"><br><strong>Pr\u00e9paration le jour de l&rsquo;examen :<\/strong><br><\/p><\/div><\/div>\n\n\n\n<div id=\"section-gcee391\" class=\"wp-block-gutentor-e1 section-gcee391 gutentor-element gutentor-element-advanced-text\"><div class=\"gutentor-text-wrap\"><p class=\"gutentor-text\"><br>Selon le type d\u2019\u00e9chodoppler \u00e0 effectuer, diff\u00e9rentes pr\u00e9parations peuvent vous \u00eatre demand\u00e9es. Pour les \u00e9chodopplers r\u00e9alis\u00e9s au cabinet :<br><br><\/p><\/div><\/div>\n\n\n\n<section id=\"gm427fccb\" class=\"wp-block-gutentor-m10 section-gm427fccb gutentor-module g-gm-module\"><div class=\"grid-container\"><div class=\"grid-row g-gm-item-wrap\">\n<div id=\"col-gm59b648\" class=\"wp-block-gutentor-m10-col col-gm59b648 gutentor-module g-gm-col grid-lg-6 grid-md-6 grid-12\"><div id=\"section-gm59b648\" class=\"section-gm59b648 gutentor-single-col\">\n<div id=\"section-gf05e9d\" class=\"wp-block-gutentor-e6 section-gf05e9d gutentor-element gutentor-element-image\"><div class=\"gutentor-element-image-box\"><a class=\"gutentor-element-image-link\" href=\"https:\/\/echographie-lorient.fr\/wp-content\/uploads\/2024\/02\/examens-a-jeun.png\" rel=\"https:\/\/echographie-lorient.fr\/wp-content\/uploads\/2024\/02\/examens-a-jeun.png\"><div class=\"gutentor-image-thumb\"><img decoding=\"async\" class=\"normal-image\" src=\"https:\/\/echographie-lorient.fr\/wp-content\/uploads\/2024\/02\/examens-a-jeun.png\" \/><\/div><\/a><\/div><\/div>\n\n\n\n<p><\/p>\n\n\n\n<p><\/p>\n<\/div><\/div>\n\n\n\n<div id=\"col-gm0ec522\" class=\"wp-block-gutentor-m10-col col-gm0ec522 gutentor-module g-gm-col grid-lg-6 grid-md-6 grid-12\"><div id=\"section-gm0ec522\" class=\"section-gm0ec522 gutentor-single-col\">\n<div id=\"section-g552e08\" class=\"wp-block-gutentor-e6 section-g552e08 gutentor-element gutentor-element-image\"><div class=\"gutentor-element-image-box\"><a class=\"gutentor-element-image-link\" href=\"https:\/\/echographie-lorient.fr\/wp-content\/uploads\/2024\/02\/doppler-aucune-preparation.png\" rel=\"https:\/\/echographie-lorient.fr\/wp-content\/uploads\/2024\/02\/doppler-aucune-preparation.png\"><div class=\"gutentor-image-thumb\"><img decoding=\"async\" class=\"normal-image\" src=\"https:\/\/echographie-lorient.fr\/wp-content\/uploads\/2024\/02\/doppler-aucune-preparation.png\" \/><\/div><\/a><\/div><\/div>\n<\/div><\/div>\n<\/div><\/div><\/section>\n\n\n\n<p><\/p>\n","protected":false},"excerpt":{"rendered":"","protected":false},"author":1,"featured_media":0,"parent":0,"menu_order":0,"comment_status":"closed","ping_status":"closed","template":"","meta":{"footnotes":""},"class_list":["post-1512","page","type-page","status-publish","hentry","no-post-thumbnail"],"yoast_head":"<!-- This site is optimized with the Yoast SEO plugin v27.2 - https:\/\/yoast.com\/product\/yoast-seo-wordpress\/ -->\n<title>\u00c9chodoppler - Dr. CAMILLE LAPORTE-GLADU<\/title>\n<meta name=\"description\" content=\"Le Dr. Camille Laporte r\u00e9alise les \u00e9chodoppler pour examiner l\u2019anatomie et les l\u00e9sions des parois vasculaires, ainsi que le flux sanguin.\" \/>\n<meta name=\"robots\" content=\"index, follow, max-snippet:-1, max-image-preview:large, max-video-preview:-1\" \/>\n<link rel=\"canonical\" href=\"https:\/\/echographie-lorient.fr\/index.php\/echodoppler\/\" \/>\n<meta property=\"og:locale\" content=\"fr_FR\" \/>\n<meta property=\"og:type\" content=\"article\" \/>\n<meta property=\"og:title\" content=\"\u00c9chodoppler - Dr. CAMILLE LAPORTE-GLADU\" \/>\n<meta property=\"og:description\" content=\"Le Dr. Camille Laporte r\u00e9alise les \u00e9chodoppler pour examiner l\u2019anatomie et les l\u00e9sions des parois vasculaires, ainsi que le flux sanguin.\" \/>\n<meta property=\"og:url\" content=\"https:\/\/echographie-lorient.fr\/index.php\/echodoppler\/\" \/>\n<meta property=\"og:site_name\" content=\"Dr. CAMILLE LAPORTE-GLADU\" \/>\n<meta property=\"article:modified_time\" content=\"2025-09-10T07:06:51+00:00\" \/>\n<meta property=\"og:image\" content=\"https:\/\/echographie-lorient.fr\/wp-content\/uploads\/2024\/02\/echodoppler-examen-du-cou.png\" \/>\n<meta name=\"twitter:card\" content=\"summary_large_image\" \/>\n<meta name=\"twitter:label1\" content=\"Dur\u00e9e de lecture estim\u00e9e\" \/>\n\t<meta name=\"twitter:data1\" content=\"5 minutes\" \/>\n<script type=\"application\/ld+json\" class=\"yoast-schema-graph\">{\"@context\":\"https:\/\/schema.org\",\"@graph\":[{\"@type\":\"WebPage\",\"@id\":\"https:\/\/echographie-lorient.fr\/index.php\/echodoppler\/\",\"url\":\"https:\/\/echographie-lorient.fr\/index.php\/echodoppler\/\",\"name\":\"\u00c9chodoppler - Dr. CAMILLE LAPORTE-GLADU\",\"isPartOf\":{\"@id\":\"https:\/\/echographie-lorient.fr\/#website\"},\"primaryImageOfPage\":{\"@id\":\"https:\/\/echographie-lorient.fr\/index.php\/echodoppler\/#primaryimage\"},\"image\":{\"@id\":\"https:\/\/echographie-lorient.fr\/index.php\/echodoppler\/#primaryimage\"},\"thumbnailUrl\":\"https:\/\/echographie-lorient.fr\/wp-content\/uploads\/2024\/02\/echodoppler-examen-du-cou.png\",\"datePublished\":\"2024-02-07T14:49:19+00:00\",\"dateModified\":\"2025-09-10T07:06:51+00:00\",\"description\":\"Le Dr. Camille Laporte r\u00e9alise les \u00e9chodoppler pour examiner l\u2019anatomie et les l\u00e9sions des parois vasculaires, ainsi que le flux sanguin.\",\"breadcrumb\":{\"@id\":\"https:\/\/echographie-lorient.fr\/index.php\/echodoppler\/#breadcrumb\"},\"inLanguage\":\"fr-FR\",\"potentialAction\":[{\"@type\":\"ReadAction\",\"target\":[\"https:\/\/echographie-lorient.fr\/index.php\/echodoppler\/\"]}]},{\"@type\":\"ImageObject\",\"inLanguage\":\"fr-FR\",\"@id\":\"https:\/\/echographie-lorient.fr\/index.php\/echodoppler\/#primaryimage\",\"url\":\"https:\/\/echographie-lorient.fr\/wp-content\/uploads\/2024\/02\/echodoppler-examen-du-cou.png\",\"contentUrl\":\"https:\/\/echographie-lorient.fr\/wp-content\/uploads\/2024\/02\/echodoppler-examen-du-cou.png\",\"width\":2160,\"height\":650},{\"@type\":\"BreadcrumbList\",\"@id\":\"https:\/\/echographie-lorient.fr\/index.php\/echodoppler\/#breadcrumb\",\"itemListElement\":[{\"@type\":\"ListItem\",\"position\":1,\"name\":\"Accueil\",\"item\":\"https:\/\/echographie-lorient.fr\/\"},{\"@type\":\"ListItem\",\"position\":2,\"name\":\"\u00c9chodoppler\"}]},{\"@type\":\"WebSite\",\"@id\":\"https:\/\/echographie-lorient.fr\/#website\",\"url\":\"https:\/\/echographie-lorient.fr\/\",\"name\":\"Dr. CAMILLE LAPORTE-GLADU\",\"description\":\"Cabinet d&#039;\u00e9chographie \u00e0 Lorient\",\"potentialAction\":[{\"@type\":\"SearchAction\",\"target\":{\"@type\":\"EntryPoint\",\"urlTemplate\":\"https:\/\/echographie-lorient.fr\/?s={search_term_string}\"},\"query-input\":{\"@type\":\"PropertyValueSpecification\",\"valueRequired\":true,\"valueName\":\"search_term_string\"}}],\"inLanguage\":\"fr-FR\"}]}<\/script>\n<!-- \/ Yoast SEO plugin. -->","yoast_head_json":{"title":"\u00c9chodoppler - Dr. CAMILLE LAPORTE-GLADU","description":"Le Dr. Camille Laporte r\u00e9alise les \u00e9chodoppler pour examiner l\u2019anatomie et les l\u00e9sions des parois vasculaires, ainsi que le flux sanguin.","robots":{"index":"index","follow":"follow","max-snippet":"max-snippet:-1","max-image-preview":"max-image-preview:large","max-video-preview":"max-video-preview:-1"},"canonical":"https:\/\/echographie-lorient.fr\/index.php\/echodoppler\/","og_locale":"fr_FR","og_type":"article","og_title":"\u00c9chodoppler - Dr. CAMILLE LAPORTE-GLADU","og_description":"Le Dr. Camille Laporte r\u00e9alise les \u00e9chodoppler pour examiner l\u2019anatomie et les l\u00e9sions des parois vasculaires, ainsi que le flux sanguin.","og_url":"https:\/\/echographie-lorient.fr\/index.php\/echodoppler\/","og_site_name":"Dr. CAMILLE LAPORTE-GLADU","article_modified_time":"2025-09-10T07:06:51+00:00","og_image":[{"url":"https:\/\/echographie-lorient.fr\/wp-content\/uploads\/2024\/02\/echodoppler-examen-du-cou.png","type":"","width":"","height":""}],"twitter_card":"summary_large_image","twitter_misc":{"Dur\u00e9e de lecture estim\u00e9e":"5 minutes"},"schema":{"@context":"https:\/\/schema.org","@graph":[{"@type":"WebPage","@id":"https:\/\/echographie-lorient.fr\/index.php\/echodoppler\/","url":"https:\/\/echographie-lorient.fr\/index.php\/echodoppler\/","name":"\u00c9chodoppler - Dr. CAMILLE LAPORTE-GLADU","isPartOf":{"@id":"https:\/\/echographie-lorient.fr\/#website"},"primaryImageOfPage":{"@id":"https:\/\/echographie-lorient.fr\/index.php\/echodoppler\/#primaryimage"},"image":{"@id":"https:\/\/echographie-lorient.fr\/index.php\/echodoppler\/#primaryimage"},"thumbnailUrl":"https:\/\/echographie-lorient.fr\/wp-content\/uploads\/2024\/02\/echodoppler-examen-du-cou.png","datePublished":"2024-02-07T14:49:19+00:00","dateModified":"2025-09-10T07:06:51+00:00","description":"Le Dr. Camille Laporte r\u00e9alise les \u00e9chodoppler pour examiner l\u2019anatomie et les l\u00e9sions des parois vasculaires, ainsi que le flux sanguin.","breadcrumb":{"@id":"https:\/\/echographie-lorient.fr\/index.php\/echodoppler\/#breadcrumb"},"inLanguage":"fr-FR","potentialAction":[{"@type":"ReadAction","target":["https:\/\/echographie-lorient.fr\/index.php\/echodoppler\/"]}]},{"@type":"ImageObject","inLanguage":"fr-FR","@id":"https:\/\/echographie-lorient.fr\/index.php\/echodoppler\/#primaryimage","url":"https:\/\/echographie-lorient.fr\/wp-content\/uploads\/2024\/02\/echodoppler-examen-du-cou.png","contentUrl":"https:\/\/echographie-lorient.fr\/wp-content\/uploads\/2024\/02\/echodoppler-examen-du-cou.png","width":2160,"height":650},{"@type":"BreadcrumbList","@id":"https:\/\/echographie-lorient.fr\/index.php\/echodoppler\/#breadcrumb","itemListElement":[{"@type":"ListItem","position":1,"name":"Accueil","item":"https:\/\/echographie-lorient.fr\/"},{"@type":"ListItem","position":2,"name":"\u00c9chodoppler"}]},{"@type":"WebSite","@id":"https:\/\/echographie-lorient.fr\/#website","url":"https:\/\/echographie-lorient.fr\/","name":"Dr. CAMILLE LAPORTE-GLADU","description":"Cabinet d&#039;\u00e9chographie \u00e0 Lorient","potentialAction":[{"@type":"SearchAction","target":{"@type":"EntryPoint","urlTemplate":"https:\/\/echographie-lorient.fr\/?s={search_term_string}"},"query-input":{"@type":"PropertyValueSpecification","valueRequired":true,"valueName":"search_term_string"}}],"inLanguage":"fr-FR"}]}},"_links":{"self":[{"href":"https:\/\/echographie-lorient.fr\/index.php\/wp-json\/wp\/v2\/pages\/1512","targetHints":{"allow":["GET"]}}],"collection":[{"href":"https:\/\/echographie-lorient.fr\/index.php\/wp-json\/wp\/v2\/pages"}],"about":[{"href":"https:\/\/echographie-lorient.fr\/index.php\/wp-json\/wp\/v2\/types\/page"}],"author":[{"embeddable":true,"href":"https:\/\/echographie-lorient.fr\/index.php\/wp-json\/wp\/v2\/users\/1"}],"replies":[{"embeddable":true,"href":"https:\/\/echographie-lorient.fr\/index.php\/wp-json\/wp\/v2\/comments?post=1512"}],"version-history":[{"count":41,"href":"https:\/\/echographie-lorient.fr\/index.php\/wp-json\/wp\/v2\/pages\/1512\/revisions"}],"predecessor-version":[{"id":2338,"href":"https:\/\/echographie-lorient.fr\/index.php\/wp-json\/wp\/v2\/pages\/1512\/revisions\/2338"}],"wp:attachment":[{"href":"https:\/\/echographie-lorient.fr\/index.php\/wp-json\/wp\/v2\/media?parent=1512"}],"curies":[{"name":"wp","href":"https:\/\/api.w.org\/{rel}","templated":true}]}}